{"id":1552,"date":"2023-11-09T11:04:37","date_gmt":"2023-11-09T16:04:37","guid":{"rendered":"https:\/\/astralbodyandmind.com\/?page_id=1552"},"modified":"2025-01-21T21:54:20","modified_gmt":"2025-01-22T02:54:20","slug":"educacion","status":"publish","type":"page","link":"https:\/\/astralbodyandmind.com\/index.php\/educacion\/","title":{"rendered":"NUESTRA AGENDA"},"content":{"rendered":"\n<p>Revisa nuestro calendario para que puedas conectar con todos nuestros talleres. Adem\u00e1s puedes inscribirte en el vinculo de nuestro formulario de inscripci\u00f3n aqu\u00ed abajo. <\/p>\n\n\n\n<div class=\"wp-block-buttons is-layout-flex wp-block-buttons-is-layout-flex\">\n<div class=\"wp-block-button\"><a class=\"wp-block-button__link wp-element-button\" href=\"https:\/\/docs.google.com\/forms\/d\/1yVoB2gGOcGa-E1M_a1XJ0c65EZPHVPTFkfGZeYJAUkc\/edit\" target=\"_blank\" rel=\"noreferrer noopener\">FORMULARIO<\/a><\/div>\n<\/div>\n\n\n<div class=\"wp-block-jetpack-google-calendar\"><iframe loading=\"lazy\" src=\"https:\/\/calendar.google.com\/calendar\/embed?src=astralbodyandmind%40gmail.com&#038;ctz=America%2FGuayaquil\" frameborder=\"0\" style=\"border:0\" scrolling=\"no\" height=\"600\" width=\"100%\" sandbox=\"allow-scripts allow-same-origin allow-popups\"><\/iframe><\/div>\n\n\n<figure class=\"wp-block-image size-large\"><img loading=\"lazy\" decoding=\"async\" width=\"1024\" height=\"1024\" src=\"https:\/\/astralbodyandmind.com\/wp-content\/uploads\/2025\/01\/mujeres-07-1024x1024.jpg\" alt=\"\" class=\"wp-image-1754\" srcset=\"https:\/\/astralbodyandmind.com\/wp-content\/uploads\/2025\/01\/mujeres-07-1024x1024.jpg 1024w, https:\/\/astralbodyandmind.com\/wp-content\/uploads\/2025\/01\/mujeres-07-300x300.jpg 300w, https:\/\/astralbodyandmind.com\/wp-content\/uploads\/2025\/01\/mujeres-07-150x150.jpg 150w, https:\/\/astralbodyandmind.com\/wp-content\/uploads\/2025\/01\/mujeres-07-768x768.jpg 768w, https:\/\/astralbodyandmind.com\/wp-content\/uploads\/2025\/01\/mujeres-07-1536x1536.jpg 1536w, https:\/\/astralbodyandmind.com\/wp-content\/uploads\/2025\/01\/mujeres-07-2048x2048.jpg 2048w, https:\/\/astralbodyandmind.com\/wp-content\/uploads\/2025\/01\/mujeres-07-1320x1320.jpg 1320w, https:\/\/astralbodyandmind.com\/wp-content\/uploads\/2025\/01\/mujeres-07-600x600.jpg 600w, https:\/\/astralbodyandmind.com\/wp-content\/uploads\/2025\/01\/mujeres-07-100x100.jpg 100w\" sizes=\"auto, (max-width: 1024px) 100vw, 1024px\" \/><\/figure>\n","protected":false},"excerpt":{"rendered":"<p>Revisa nuestro calendario para que puedas conectar con todos nuestros talleres. Adem\u00e1s puedes inscribirte en el vinculo de nuestro formulario de inscripci\u00f3n aqu\u00ed abajo.<\/p>\n","protected":false},"author":1,"featured_media":0,"parent":0,"menu_order":0,"comment_status":"closed","ping_status":"closed","template":"","meta":{"content-type":"","footnotes":""},"class_list":["post-1552","page","type-page","status-publish","hentry"],"jetpack_sharing_enabled":true,"_links":{"self":[{"href":"https:\/\/astralbodyandmind.com\/index.php\/wp-json\/wp\/v2\/pages\/1552","targetHints":{"allow":["GET"]}}],"collection":[{"href":"https:\/\/astralbodyandmind.com\/index.php\/wp-json\/wp\/v2\/pages"}],"about":[{"href":"https:\/\/astralbodyandmind.com\/index.php\/wp-json\/wp\/v2\/types\/page"}],"author":[{"embeddable":true,"href":"https:\/\/astralbodyandmind.com\/index.php\/wp-json\/wp\/v2\/users\/1"}],"replies":[{"embeddable":true,"href":"https:\/\/astralbodyandmind.com\/index.php\/wp-json\/wp\/v2\/comments?post=1552"}],"version-history":[{"count":4,"href":"https:\/\/astralbodyandmind.com\/index.php\/wp-json\/wp\/v2\/pages\/1552\/revisions"}],"predecessor-version":[{"id":1762,"href":"https:\/\/astralbodyandmind.com\/index.php\/wp-json\/wp\/v2\/pages\/1552\/revisions\/1762"}],"wp:attachment":[{"href":"https:\/\/astralbodyandmind.com\/index.php\/wp-json\/wp\/v2\/media?parent=1552"}],"curies":[{"name":"wp","href":"https:\/\/api.w.org\/{rel}","templated":true}]}}