{"id":1739,"date":"2025-01-21T18:56:49","date_gmt":"2025-01-21T23:56:49","guid":{"rendered":"https:\/\/astralbodyandmind.com\/?page_id=1739"},"modified":"2025-01-21T19:31:37","modified_gmt":"2025-01-22T00:31:37","slug":"comunidad-de-apoyo-mama-ruge","status":"publish","type":"page","link":"https:\/\/astralbodyandmind.com\/index.php\/comunidad-de-apoyo-mama-ruge\/","title":{"rendered":"Comunidad de apoyo Mam\u00e1 Ruge"},"content":{"rendered":"<div class=\"wp-block-image\">\n<figure class=\"aligncenter size-full\"><img loading=\"lazy\" decoding=\"async\" width=\"259\" height=\"194\" src=\"https:\/\/astralbodyandmind.com\/wp-content\/uploads\/2025\/01\/images-1.jpeg\" alt=\"\" class=\"wp-image-1740\"\/><\/figure>\n<\/div>\n\n\n<p><strong>\u00danete a nuestra comunidad de madres aut\u00f3nomas<\/strong>: un espacio donde cada mujer encuentra el apoyo, la comprensi\u00f3n y la fuerza para avanzar en su camino de maternidad. Somos un grupo de madres que, a pesar de los desaf\u00edos, nos levantamos cada d\u00eda con valent\u00eda y determinaci\u00f3n, criando a nuestros hijos de manera independiente y empoderada. En nuestra comunidad, compartimos experiencias, conocimientos y recursos, siempre con el prop\u00f3sito de apoyarnos mutuamente en la gestaci\u00f3n, la crianza y el crecimiento personal.<\/p>\n\n\n\n<p>Aqu\u00ed encontrar\u00e1s un ambiente seguro y lleno de empat\u00eda, donde todas las madres tienen voz y la oportunidad de crecer juntas. A trav\u00e9s de talleres, grupos de apoyo, consejos pr\u00e1cticos y acompa\u00f1amiento emocional, nos ayudamos a enfrentar los retos de ser madres solas, siempre con la certeza de que, juntas, somos m\u00e1s fuertes.<\/p>\n\n\n\n<p>Si eres una madre aut\u00f3noma que busca un espacio de comprensi\u00f3n y solidaridad, te invitamos a ser parte de esta comunidad. Porque cada madre merece sentirse apoyada, inspirada y empoderada. \u00a1Ven y crece con nosotras en este viaje de maternidad!<\/p>\n\n\n\n<p>Puedes unirte a nuestra comunidad via whatsapp al n\u00famero 0987533116 en Ecuador <\/p>\n\n\n\n<p>o escribirnos a astralbodyandmind@gmail.com<\/p>\n\n\n\n<p>o siguenos en Instagram @astralbodyandmind<\/p>\n\n\n\n<p>TIK TOK    astralbodyandmind<\/p>\n\n\n<div class=\"wpforms-container wpforms-container-full wpforms-block wpforms-block-c15b475e-b620-479c-85da-52206ea02431 wpforms-render-modern\" id=\"wpforms-1515\"><form id=\"wpforms-form-1515\" class=\"wpforms-validate wpforms-form wpforms-ajax-form\" data-formid=\"1515\" method=\"post\" enctype=\"multipart\/form-data\" action=\"\/index.php\/wp-json\/wp\/v2\/pages\/1739\" data-token=\"f309fd3644b352c828d8be4e282b04f8\" data-token-time=\"1777605515\"><noscript class=\"wpforms-error-noscript\">Please enable JavaScript in your browser to complete this form.<\/noscript><div id=\"wpforms-error-noscript\" style=\"display: none;\">Please enable JavaScript in your browser to complete this form.<\/div><div class=\"wpforms-field-container\"><div id=\"wpforms-1515-field_0-container\" class=\"wpforms-field wpforms-field-name\" data-field-id=\"0\"><fieldset><legend class=\"wpforms-field-label\">Nombre <span class=\"wpforms-required-label\" aria-hidden=\"true\">*<\/span><\/legend><div class=\"wpforms-field-row wpforms-field-medium\"><div class=\"wpforms-field-row-block wpforms-first wpforms-one-half\"><input type=\"text\" id=\"wpforms-1515-field_0\" class=\"wpforms-field-name-first wpforms-field-required\" name=\"wpforms[fields][0][first]\" aria-errormessage=\"wpforms-1515-field_0-error\" required><label for=\"wpforms-1515-field_0\" class=\"wpforms-field-sublabel after\">First<\/label><\/div><div class=\"wpforms-field-row-block wpforms-one-half\"><input type=\"text\" id=\"wpforms-1515-field_0-last\" class=\"wpforms-field-name-last wpforms-field-required\" name=\"wpforms[fields][0][last]\" aria-errormessage=\"wpforms-1515-field_0-last-error\" required><label for=\"wpforms-1515-field_0-last\" class=\"wpforms-field-sublabel after\">Last<\/label><\/div><\/div><\/fieldset><\/div><div id=\"wpforms-1515-field_1-container\" class=\"wpforms-field wpforms-field-email\" data-field-id=\"1\"><label class=\"wpforms-field-label\" for=\"wpforms-1515-field_1\">Correo electr\u00f3nico <span class=\"wpforms-required-label\" aria-hidden=\"true\">*<\/span><\/label><input type=\"email\" id=\"wpforms-1515-field_1\" class=\"wpforms-field-medium wpforms-field-required\" name=\"wpforms[fields][1]\" spellcheck=\"false\" aria-errormessage=\"wpforms-1515-field_1-error\" required><\/div><div id=\"wpforms-1515-field_3-container\" class=\"wpforms-field wpforms-field-number\" data-field-id=\"3\"><label class=\"wpforms-field-label\" for=\"wpforms-1515-field_3\">N\u00fameros<\/label><input type=\"number\" id=\"wpforms-1515-field_3\" class=\"wpforms-field-medium\" name=\"wpforms[fields][3]\" step=\"any\" aria-errormessage=\"wpforms-1515-field_3-error\" ><\/div><div id=\"wpforms-1515-field_2-container\" class=\"wpforms-field wpforms-field-textarea\" data-field-id=\"2\"><label class=\"wpforms-field-label\" for=\"wpforms-1515-field_2\">Comentario o mensaje<\/label><textarea id=\"wpforms-1515-field_2\" class=\"wpforms-field-medium\" name=\"wpforms[fields][2]\" aria-errormessage=\"wpforms-1515-field_2-error\" ><\/textarea><\/div><\/div><!-- .wpforms-field-container --><div class=\"wpforms-submit-container\" ><input type=\"hidden\" name=\"wpforms[id]\" value=\"1515\"><input type=\"hidden\" name=\"page_title\" value=\"\"><input type=\"hidden\" name=\"page_url\" value=\"https:\/\/astralbodyandmind.com\/index.php\/wp-json\/wp\/v2\/pages\/1739\"><input type=\"hidden\" name=\"url_referer\" value=\"\"><button type=\"submit\" name=\"wpforms[submit]\" id=\"wpforms-submit-1515\" class=\"wpforms-submit\" data-alt-text=\"Enviando...\" data-submit-text=\"Enviar\" aria-live=\"assertive\" value=\"wpforms-submit\">Enviar<\/button><img loading=\"lazy\" decoding=\"async\" src=\"https:\/\/astralbodyandmind.com\/wp-content\/plugins\/wpforms-lite\/assets\/images\/submit-spin.svg\" class=\"wpforms-submit-spinner\" style=\"display: none;\" width=\"26\" height=\"26\" alt=\"Loading\"><\/div><\/form><\/div>  <!-- .wpforms-container -->","protected":false},"excerpt":{"rendered":"<p>\u00danete a nuestra comunidad de madres aut\u00f3nomas: un espacio donde cada mujer encuentra el apoyo, la comprensi\u00f3n y la fuerza para avanzar en su camino de maternidad. Somos un grupo &#8230;<\/p>\n","protected":false},"author":1,"featured_media":0,"parent":0,"menu_order":0,"comment_status":"closed","ping_status":"closed","template":"","meta":{"content-type":"","footnotes":""},"class_list":["post-1739","page","type-page","status-publish","hentry"],"jetpack_sharing_enabled":true,"_links":{"self":[{"href":"https:\/\/astralbodyandmind.com\/index.php\/wp-json\/wp\/v2\/pages\/1739","targetHints":{"allow":["GET"]}}],"collection":[{"href":"https:\/\/astralbodyandmind.com\/index.php\/wp-json\/wp\/v2\/pages"}],"about":[{"href":"https:\/\/astralbodyandmind.com\/index.php\/wp-json\/wp\/v2\/types\/page"}],"author":[{"embeddable":true,"href":"https:\/\/astralbodyandmind.com\/index.php\/wp-json\/wp\/v2\/users\/1"}],"replies":[{"embeddable":true,"href":"https:\/\/astralbodyandmind.com\/index.php\/wp-json\/wp\/v2\/comments?post=1739"}],"version-history":[{"count":4,"href":"https:\/\/astralbodyandmind.com\/index.php\/wp-json\/wp\/v2\/pages\/1739\/revisions"}],"predecessor-version":[{"id":1749,"href":"https:\/\/astralbodyandmind.com\/index.php\/wp-json\/wp\/v2\/pages\/1739\/revisions\/1749"}],"wp:attachment":[{"href":"https:\/\/astralbodyandmind.com\/index.php\/wp-json\/wp\/v2\/media?parent=1739"}],"curies":[{"name":"wp","href":"https:\/\/api.w.org\/{rel}","templated":true}]}}