{"id":1864,"date":"2026-01-12T23:53:17","date_gmt":"2026-01-13T04:53:17","guid":{"rendered":"https:\/\/astralbodyandmind.com\/?page_id=1864"},"modified":"2026-01-13T00:11:11","modified_gmt":"2026-01-13T05:11:11","slug":"cursos-2026","status":"publish","type":"page","link":"https:\/\/astralbodyandmind.com\/index.php\/cursos-2026\/","title":{"rendered":"CURSOS 2026"},"content":{"rendered":"\n<div class=\"wp-block-media-text is-stacked-on-mobile\"><figure class=\"wp-block-media-text__media\"><img loading=\"lazy\" decoding=\"async\" width=\"1024\" height=\"1024\" src=\"https:\/\/astralbodyandmind.com\/wp-content\/uploads\/2026\/01\/unnamed-1-2.jpg\" alt=\"\" class=\"wp-image-1870 size-full\" srcset=\"https:\/\/astralbodyandmind.com\/wp-content\/uploads\/2026\/01\/unnamed-1-2.jpg 1024w, https:\/\/astralbodyandmind.com\/wp-content\/uploads\/2026\/01\/unnamed-1-2-300x300.jpg 300w, https:\/\/astralbodyandmind.com\/wp-content\/uploads\/2026\/01\/unnamed-1-2-150x150.jpg 150w, https:\/\/astralbodyandmind.com\/wp-content\/uploads\/2026\/01\/unnamed-1-2-768x768.jpg 768w, https:\/\/astralbodyandmind.com\/wp-content\/uploads\/2026\/01\/unnamed-1-2-600x600.jpg 600w, https:\/\/astralbodyandmind.com\/wp-content\/uploads\/2026\/01\/unnamed-1-2-100x100.jpg 100w\" sizes=\"auto, (max-width: 1024px) 100vw, 1024px\" \/><\/figure><div class=\"wp-block-media-text__content\">\n<p>Tarot Terap\u00e9utico: De Cero a Tu Primera Lectura Profesional<\/p>\n\n\n\n<h3 class=\"wp-block-heading\"><strong>\u00bfSientes curiosidad por el Tarot pero te abruma el significado de tantas cartas?<\/strong><\/h3>\n\n\n\n<p>Muchas personas creen que para leer el Tarot se necesita un &#8220;don especial&#8221; o a\u00f1os de estudio m\u00edstico. La realidad es que el Tarot es un <strong>alfabeto visual<\/strong>; una vez que aprendes a leer sus s\u00edmbolos, desbloqueas una herramienta poderosa para guiar tu vida, tomar mejores decisiones y ayudar a otros.<\/p>\n\n\n\n<p>En este curso pr\u00e1ctico, dise\u00f1ado especialmente para principiantes, te llevar\u00e9 de la mano para que pierdas el miedo y conectes con tu intuici\u00f3n desde el primer d\u00eda.<\/p>\n<\/div><\/div>\n\n\n\n<div class=\"wp-block-buttons is-layout-flex wp-block-buttons-is-layout-flex\">\n<div class=\"wp-block-button\"><a class=\"wp-block-button__link has-pale-ocean-gradient-background has-background wp-element-button\">!QUIERO INSCRIBIRME AHORA!<\/a><\/div>\n<\/div>\n\n\n\n<p><\/p>\n","protected":false},"excerpt":{"rendered":"<p>Tarot Terap\u00e9utico: De Cero a Tu Primera Lectura Profesional \u00bfSientes curiosidad por el Tarot pero te abruma el significado de tantas cartas? Muchas personas creen que para leer el Tarot &#8230;<\/p>\n","protected":false},"author":1,"featured_media":0,"parent":0,"menu_order":0,"comment_status":"closed","ping_status":"closed","template":"","meta":{"content-type":"","footnotes":""},"class_list":["post-1864","page","type-page","status-publish","hentry"],"jetpack_sharing_enabled":true,"_links":{"self":[{"href":"https:\/\/astralbodyandmind.com\/index.php\/wp-json\/wp\/v2\/pages\/1864","targetHints":{"allow":["GET"]}}],"collection":[{"href":"https:\/\/astralbodyandmind.com\/index.php\/wp-json\/wp\/v2\/pages"}],"about":[{"href":"https:\/\/astralbodyandmind.com\/index.php\/wp-json\/wp\/v2\/types\/page"}],"author":[{"embeddable":true,"href":"https:\/\/astralbodyandmind.com\/index.php\/wp-json\/wp\/v2\/users\/1"}],"replies":[{"embeddable":true,"href":"https:\/\/astralbodyandmind.com\/index.php\/wp-json\/wp\/v2\/comments?post=1864"}],"version-history":[{"count":2,"href":"https:\/\/astralbodyandmind.com\/index.php\/wp-json\/wp\/v2\/pages\/1864\/revisions"}],"predecessor-version":[{"id":1871,"href":"https:\/\/astralbodyandmind.com\/index.php\/wp-json\/wp\/v2\/pages\/1864\/revisions\/1871"}],"wp:attachment":[{"href":"https:\/\/astralbodyandmind.com\/index.php\/wp-json\/wp\/v2\/media?parent=1864"}],"curies":[{"name":"wp","href":"https:\/\/api.w.org\/{rel}","templated":true}]}}