{"id":24,"date":"2016-02-12T08:13:06","date_gmt":"2016-02-12T08:13:06","guid":{"rendered":"http:\/\/demos.famethemes.com\/onepress\/?page_id=24"},"modified":"2026-01-12T23:52:36","modified_gmt":"2026-01-13T04:52:36","slug":"service-title-2","status":"publish","type":"page","link":"https:\/\/astralbodyandmind.com\/index.php\/service-title-2\/","title":{"rendered":"CURSOS  Y TALLERES"},"content":{"rendered":"\n<p>En <strong>Astral Body and Mind<\/strong>, cada curso y taller es una invitaci\u00f3n a un viaje profundo: el de regreso a ti misma. Entendemos que nutrir tu cuerpo, mente y esp\u00edritu no es un lujo, sino la base para una maternidad consciente y plena. Aqu\u00ed, no solo aprender\u00e1s; te redescubrir\u00e1s, activar\u00e1s tu intuici\u00f3n y dise\u00f1ar\u00e1s la vida que siempre has anhelado<\/p>\n\n\n\n<div class=\"wp-block-columns is-layout-flex wp-container-core-columns-is-layout-9d6595d7 wp-block-columns-is-layout-flex\">\n<div class=\"wp-block-column is-layout-flow wp-block-column-is-layout-flow\"><\/div>\n<\/div>\n\n\n\n<p><\/p>\n","protected":false},"excerpt":{"rendered":"<p>En Astral Body and Mind, cada curso y taller es una invitaci\u00f3n a un viaje profundo: el de regreso a ti misma. Entendemos que nutrir tu cuerpo, mente y esp\u00edritu no es un lujo, sino la base para una maternidad consciente y plena. Aqu\u00ed, no solo aprender\u00e1s; te redescubrir\u00e1s, activar\u00e1s tu intuici\u00f3n y dise\u00f1ar\u00e1s la vida que siempre has anhelado<\/p>\n","protected":false},"author":2,"featured_media":1464,"parent":0,"menu_order":0,"comment_status":"closed","ping_status":"closed","template":"","meta":{"content-type":"","footnotes":""},"class_list":["post-24","page","type-page","status-publish","has-post-thumbnail","hentry"],"jetpack_sharing_enabled":true,"_links":{"self":[{"href":"https:\/\/astralbodyandmind.com\/index.php\/wp-json\/wp\/v2\/pages\/24","targetHints":{"allow":["GET"]}}],"collection":[{"href":"https:\/\/astralbodyandmind.com\/index.php\/wp-json\/wp\/v2\/pages"}],"about":[{"href":"https:\/\/astralbodyandmind.com\/index.php\/wp-json\/wp\/v2\/types\/page"}],"author":[{"embeddable":true,"href":"https:\/\/astralbodyandmind.com\/index.php\/wp-json\/wp\/v2\/users\/2"}],"replies":[{"embeddable":true,"href":"https:\/\/astralbodyandmind.com\/index.php\/wp-json\/wp\/v2\/comments?post=24"}],"version-history":[{"count":10,"href":"https:\/\/astralbodyandmind.com\/index.php\/wp-json\/wp\/v2\/pages\/24\/revisions"}],"predecessor-version":[{"id":1863,"href":"https:\/\/astralbodyandmind.com\/index.php\/wp-json\/wp\/v2\/pages\/24\/revisions\/1863"}],"wp:featuredmedia":[{"embeddable":true,"href":"https:\/\/astralbodyandmind.com\/index.php\/wp-json\/wp\/v2\/media\/1464"}],"wp:attachment":[{"href":"https:\/\/astralbodyandmind.com\/index.php\/wp-json\/wp\/v2\/media?parent=24"}],"curies":[{"name":"wp","href":"https:\/\/api.w.org\/{rel}","templated":true}]}}